{"id":685,"date":"2016-04-06T14:37:23","date_gmt":"2016-04-06T14:37:23","guid":{"rendered":"http:\/\/themewinter.com\/WP\/saifway\/?page_id=7"},"modified":"2025-02-21T21:29:10","modified_gmt":"2025-02-22T00:29:10","slug":"home","status":"publish","type":"page","link":"https:\/\/ieee.org.br\/pcicbr\/","title":{"rendered":"Home"},"content":{"rendered":"<p>[vc_row full_width=&#8221;stretch_row_content_no_spaces&#8221; css=&#8221;.vc_custom_1682350403758{background-position: center !important;background-repeat: no-repeat !important;background-size: cover !important;}&#8221;][vc_column][rev_slider_vc alias=&#8221;main-slider&#8221;][\/vc_column][\/vc_row][vc_row][vc_column css=&#8221;.vc_custom_1702593041191{background-color: #1e73be !important;}&#8221;][vc_text_separator title=&#8221;<\/p>\n<p><strong>AVISO IMPORTANTE<\/strong><\/p>\n<p>&#8221; i_icon_fontawesome=&#8221;fa fa-exclamation-triangle&#8221; i_color=&#8221;orange&#8221; add_icon=&#8221;true&#8221; css=&#8221;.vc_custom_1702593816447{margin-bottom: 10px !important;border-bottom-width: 10px !important;padding-bottom: 10px !important;}&#8221; el_class=&#8221;<\/p>\n<p><strong>AVISO IMPORTANTE<\/strong><\/p>\n<p>&#8220;][vc_column_text css=&#8221;.vc_custom_1740183980890{margin-top: -20px !important;margin-bottom: 10px !important;border-top-width: 10px !important;border-bottom-width: 10px !important;padding-top: 10px !important;padding-bottom: 10px !important;}&#8221;]<\/p>\n<p style=\"text-align: center; color: white;\"><span class=\"style4\" style=\"color: #ffffff;\"><span style=\"font-family: Century Gothic, Arial, Helvetica;\">O PCIC Brasil \u00e9 o \u00fanico congresso dedicado aos sistemas el\u00e9tricos dos segmentos petr\u00f3leo, g\u00e1s, qu\u00edmica e biocombust\u00edveis da Am\u00e9rica do Sul.<\/span><\/span><\/p>\n<p>[\/vc_column_text][\/vc_column][\/vc_row][vc_row css=&#8221;.vc_custom_1462600031100{padding-top: 20px !important;padding-bottom: 70px !important;}&#8221;][vc_column width=&#8221;1\/2&#8243; css=&#8221;.vc_custom_1541906958969{padding-right: 15px !important;}&#8221;][vc_text_separator title=&#8221;Apresenta\u00e7\u00e3o&#8221; title_align=&#8221;separator_align_left&#8221; css=&#8221;.vc_custom_1682351635250{margin-bottom: 10px !important;border-bottom-width: 10px !important;padding-bottom: 10px !important;}&#8221;][vc_column_text css=&#8221;.vc_custom_1740184080805{margin-top: 10px !important;margin-bottom: 10px !important;border-top-width: 10px !important;border-bottom-width: 10px !important;padding-top: 10px !important;padding-bottom: 10px !important;}&#8221;]<span class=\"style4\"><span style=\"font-family: Century Gothic, Arial, Helvetica;\">PCIC \u00e9 a sigla de Petroleum and Chemical Industry Conference, o congresso realizado anualmente na Am\u00e9rica do Norte pelo IEEE, dedicado exclusivamente \u00e0s\u00a0tecnologias e solu\u00e7\u00f5es de engenharia el\u00e9trica aplicadas aos segmentos industriais de petr\u00f3leo, qu\u00edmica e g\u00e1s, desde 1954.<\/span><\/span><\/p>\n<p><span class=\"style4\"><span style=\"font-family: Century Gothic, Arial, Helvetica;\">Tendo em vista estes segmentos contribu\u00edrem significativamente para nosso desenvolvimento, o IEEE Conselho Brasil entendeu ser muito importante organizar a edi\u00e7\u00e3o brasileira do PCIC para promover o debate das solu\u00e7\u00f5es nos sistemas el\u00e9tricos destas ind\u00fastrias, que possuem elevados requisitos t\u00e9cnicos.<\/span><\/span><\/p>\n<p><span class=\"style4\"><span style=\"font-family: Century Gothic, Arial, Helvetica;\">Desta forma, foi com orgulho que o IEEE Conselho Brasil celebrou os dezoito anos do PCIC Brasil realizando sua sexta edi\u00e7\u00e3o em formato presencial, o que proporcionou maior integra\u00e7\u00e3o dos participantes das \u00e1reas de eletricidade, instrumenta\u00e7\u00e3o e automa\u00e7\u00e3o.<\/span><\/span>[\/vc_column_text][vc_cta h2=&#8221;Hey! &#8221; style=&#8221;3d&#8221; color=&#8221;sky&#8221; add_icon=&#8221;left&#8221; i_icon_fontawesome=&#8221;fa fa-thumb-tack&#8221; i_color=&#8221;grey&#8221;]<span style=\"font-family: 'Century Gothic', Arial, Helvetica;\">Ajude na divulga\u00e7\u00e3o do IEEE PCIC Brasil, compartilhando nas redes sociais!<\/span>[\/vc_cta][\/vc_column][vc_column width=&#8221;1\/2&#8243;][vc_text_separator title=&#8221;Objetivos&#8221; title_align=&#8221;separator_align_left&#8221; css=&#8221;.vc_custom_1682350756121{margin-bottom: 10px !important;border-bottom-width: 10px !important;padding-bottom: 10px !important;}&#8221;][vc_column_text css=&#8221;.vc_custom_1700789804811{margin-top: 10px !important;margin-bottom: 10px !important;border-top-width: 10px !important;border-bottom-width: 10px !important;padding-top: 10px !important;padding-bottom: 10px !important;}&#8221;]<span class=\"style4\"><span style=\"font-family: Century Gothic, Arial, Helvetica;\">Prover um ambiente adequado ao interc\u00e2mbio de experi\u00eancias e conhecimento do estado-da-arte das tecnologias de sistemas el\u00e9tricos, instrumenta\u00e7\u00e3o, digitaliza\u00e7\u00e3o e automa\u00e7\u00e3o aplicadas nos segmentos industriais de petr\u00f3leo, qu\u00edmica, petroqu\u00edmica, biocombust\u00edveis e g\u00e1s, divulgando o know-how brasileiro e contribuindo para a atualiza\u00e7\u00e3o dos profissionais.<br \/>\nAs fotos abaixo s\u00e3o do I IEEE PCIC Brasil, em 2006:<\/span><\/span>[\/vc_column_text][vc_images_carousel images=&#8221;1739,1740,1741,1742&#8243; img_size=&#8221;full&#8221; autoplay=&#8221;yes&#8221; wrap=&#8221;yes&#8221; css_animation=&#8221;fadeIn&#8221;][vc_text_separator title=&#8221;Estrutura do congresso&#8221; title_align=&#8221;separator_align_left&#8221; css=&#8221;.vc_custom_1682446335902{margin-bottom: 10px !important;border-bottom-width: 10px !important;padding-bottom: 10px !important;}&#8221;][vc_column_text css=&#8221;.vc_custom_1740183141204{margin-top: 10px !important;margin-bottom: 10px !important;border-top-width: 10px !important;border-bottom-width: 10px !important;padding-top: 10px !important;padding-bottom: 10px !important;}&#8221;]<span style=\"font-family: Century Gothic, Arial, Helvetica;\">A sexta edi\u00e7\u00e3o foi realizada no F\u00f3rum de Ci\u00eancia e Cultura da UFRJ, na Av. Rui Barbosa 762, Flamengo, Rio de Janeiro \u2013 RJ, e constou de apresenta\u00e7\u00e3o de trabalhos t\u00e9cnicos com foco nas solu\u00e7\u00f5es para as instala\u00e7\u00f5es dos segmentos de petr\u00f3leo (onshore e offshore), qu\u00edmica, g\u00e1s, petroqu\u00edmica e biocombust\u00edveis, em formato presencial, em tr\u00eas dias: dois para apresenta\u00e7\u00e3o de trabalhos e um para tutoriais (mini-cursos).<\/span><\/p>\n<p><span style=\"font-family: Century Gothic, Arial, Helvetica;\">Para conhecer os <span class=\"style4\">artigos <\/span>apresentados em edi\u00e7\u00f5es anteriores <strong><a href=\"https:\/\/ieee.org.br\/pcicbr\/programa\/\">clique aqui<\/a><\/strong>.<\/span>[\/vc_column_text][vc_column_text css=&#8221;.vc_custom_1699839440171{margin-top: 10px !important;margin-bottom: 10px !important;border-top-width: 10px !important;border-bottom-width: 10px !important;padding-top: 10px !important;padding-bottom: 10px !important;}&#8221;][\/vc_column_text][\/vc_column][\/vc_row][vc_row][vc_column][\/vc_column][\/vc_row]<\/p>\n","protected":false},"excerpt":{"rendered":"<p>[vc_row full_width=&#8221;stretch_row_content_no_spaces&#8221; css=&#8221;.vc_custom_1682350403758{background-position: center !important;background-repeat: no-repeat !important;background-size: cover !important;}&#8221;][vc_column][rev_slider_vc alias=&#8221;main-slider&#8221;][\/vc_column][\/vc_row][vc_row][vc_column css=&#8221;.vc_custom_1702593041191{background-color: #1e73be !important;}&#8221;][vc_text_separator title=&#8221; AVISO IMPORTANTE &#8221; i_icon_fontawesome=&#8221;fa fa-exclamation-triangle&#8221; i_color=&#8221;orange&#8221; add_icon=&#8221;true&#8221; css=&#8221;.vc_custom_1702593816447{margin-bottom: 10px !important;border-bottom-width: 10px !important;padding-bottom: 10px !important;}&#8221; el_class=&#8221; AVISO IMPORTANTE &#8220;][vc_column_text css=&#8221;.vc_custom_1740183980890{margin-top: -20px !important;margin-bottom: 10px !important;border-top-width: 10px !important;border-bottom-width: 10px !important;padding-top: 10px !important;padding-bottom: 10px !important;}&#8221;] O PCIC Brasil \u00e9 o \u00fanico congresso dedicado aos sistemas [&hellip;]<\/p>\n","protected":false},"author":1,"featured_media":0,"parent":0,"menu_order":0,"comment_status":"closed","ping_status":"closed","template":"homepage-template.php","meta":[],"_links":{"self":[{"href":"https:\/\/ieee.org.br\/pcicbr\/wp-json\/wp\/v2\/pages\/685"}],"collection":[{"href":"https:\/\/ieee.org.br\/pcicbr\/wp-json\/wp\/v2\/pages"}],"about":[{"href":"https:\/\/ieee.org.br\/pcicbr\/wp-json\/wp\/v2\/types\/page"}],"author":[{"embeddable":true,"href":"https:\/\/ieee.org.br\/pcicbr\/wp-json\/wp\/v2\/users\/1"}],"replies":[{"embeddable":true,"href":"https:\/\/ieee.org.br\/pcicbr\/wp-json\/wp\/v2\/comments?post=685"}],"version-history":[{"count":62,"href":"https:\/\/ieee.org.br\/pcicbr\/wp-json\/wp\/v2\/pages\/685\/revisions"}],"predecessor-version":[{"id":2127,"href":"https:\/\/ieee.org.br\/pcicbr\/wp-json\/wp\/v2\/pages\/685\/revisions\/2127"}],"wp:attachment":[{"href":"https:\/\/ieee.org.br\/pcicbr\/wp-json\/wp\/v2\/media?parent=685"}],"curies":[{"name":"wp","href":"https:\/\/api.w.org\/{rel}","templated":true}]}}