{"id":2071,"date":"2024-03-13T13:25:55","date_gmt":"2024-03-13T16:25:55","guid":{"rendered":"https:\/\/ieee.org.br\/pcicbr\/?page_id=2071"},"modified":"2025-02-21T21:51:35","modified_gmt":"2025-02-22T00:51:35","slug":"tutoriais","status":"publish","type":"page","link":"https:\/\/ieee.org.br\/pcicbr\/tutoriais\/","title":{"rendered":"Tutoriais"},"content":{"rendered":"<p>[vc_row][vc_column width=&#8221;1\/2&#8243;][vc_text_separator title=&#8221;Tutoriais&#8221; title_align=&#8221;separator_align_left&#8221;][vc_column_text]Os tutoriais oferecidos no VI PCIC BR 2024 foram mini-cursos de 4 horas, ministrados pelos patrocinadores.<u><\/u><u><\/u><\/p>\n<p>Para participar desses tutoriais, foi necess\u00e1rio que os interessados fizessem a inscri\u00e7\u00e3o com anteced\u00eancia.[\/vc_column_text][vc_text_separator title=&#8221;Tutorial 1&#8243; title_align=&#8221;separator_align_left&#8221;][vc_single_image image=&#8221;2077&#8243; img_size=&#8221;full&#8221; css=&#8221;.vc_custom_1710357149164{margin-top: -10px !important;}&#8221;][vc_single_image image=&#8221;2078&#8243; img_size=&#8221;full&#8221; css=&#8221;.vc_custom_1710357229041{margin-top: 10px !important;}&#8221;][\/vc_column][vc_column width=&#8221;1\/2&#8243;][vc_text_separator title=&#8221;Tutorial 2&#8243; title_align=&#8221;separator_align_left&#8221;][vc_single_image image=&#8221;2079&#8243; img_size=&#8221;full&#8221; css=&#8221;.vc_custom_1710357459136{margin-top: -10px !important;}&#8221;][vc_single_image image=&#8221;2080&#8243; img_size=&#8221;full&#8221; css=&#8221;.vc_custom_1710357538385{margin-top: 10px !important;}&#8221;][\/vc_column][\/vc_row]<\/p>\n","protected":false},"excerpt":{"rendered":"<p>[vc_row][vc_column width=&#8221;1\/2&#8243;][vc_text_separator title=&#8221;Tutoriais&#8221; title_align=&#8221;separator_align_left&#8221;][vc_column_text]Os tutoriais oferecidos no VI PCIC BR 2024 foram mini-cursos de 4 horas, ministrados pelos patrocinadores. Para participar desses tutoriais, foi necess\u00e1rio que os interessados fizessem a inscri\u00e7\u00e3o com anteced\u00eancia.[\/vc_column_text][vc_text_separator title=&#8221;Tutorial 1&#8243; title_align=&#8221;separator_align_left&#8221;][vc_single_image image=&#8221;2077&#8243; img_size=&#8221;full&#8221; css=&#8221;.vc_custom_1710357149164{margin-top: -10px !important;}&#8221;][vc_single_image image=&#8221;2078&#8243; img_size=&#8221;full&#8221; css=&#8221;.vc_custom_1710357229041{margin-top: 10px !important;}&#8221;][\/vc_column][vc_column width=&#8221;1\/2&#8243;][vc_text_separator title=&#8221;Tutorial 2&#8243; title_align=&#8221;separator_align_left&#8221;][vc_single_image image=&#8221;2079&#8243; img_size=&#8221;full&#8221; css=&#8221;.vc_custom_1710357459136{margin-top: -10px !important;}&#8221;][vc_single_image [&hellip;]<\/p>\n","protected":false},"author":1,"featured_media":0,"parent":0,"menu_order":0,"comment_status":"closed","ping_status":"closed","template":"","meta":[],"_links":{"self":[{"href":"https:\/\/ieee.org.br\/pcicbr\/wp-json\/wp\/v2\/pages\/2071"}],"collection":[{"href":"https:\/\/ieee.org.br\/pcicbr\/wp-json\/wp\/v2\/pages"}],"about":[{"href":"https:\/\/ieee.org.br\/pcicbr\/wp-json\/wp\/v2\/types\/page"}],"author":[{"embeddable":true,"href":"https:\/\/ieee.org.br\/pcicbr\/wp-json\/wp\/v2\/users\/1"}],"replies":[{"embeddable":true,"href":"https:\/\/ieee.org.br\/pcicbr\/wp-json\/wp\/v2\/comments?post=2071"}],"version-history":[{"count":5,"href":"https:\/\/ieee.org.br\/pcicbr\/wp-json\/wp\/v2\/pages\/2071\/revisions"}],"predecessor-version":[{"id":2128,"href":"https:\/\/ieee.org.br\/pcicbr\/wp-json\/wp\/v2\/pages\/2071\/revisions\/2128"}],"wp:attachment":[{"href":"https:\/\/ieee.org.br\/pcicbr\/wp-json\/wp\/v2\/media?parent=2071"}],"curies":[{"name":"wp","href":"https:\/\/api.w.org\/{rel}","templated":true}]}}