{"id":1992,"date":"2023-12-01T18:47:04","date_gmt":"2023-12-01T21:47:04","guid":{"rendered":"https:\/\/ieee.org.br\/pcicbr\/?page_id=1992"},"modified":"2025-02-21T21:09:24","modified_gmt":"2025-02-22T00:09:24","slug":"local","status":"publish","type":"page","link":"https:\/\/ieee.org.br\/pcicbr\/local\/","title":{"rendered":"Local"},"content":{"rendered":"<p>[vc_row][vc_column width=&#8221;1\/2&#8243;][vc_text_separator title=&#8221;Endere\u00e7o&#8221; title_align=&#8221;separator_align_left&#8221;][vc_column_text]O VI PCIC Brasil ocorreu no <strong>F\u00f3rum de Ci\u00eancia e Cultura da UFRJ<\/strong>, especificamente nos sal\u00f5es 1 e 2 do pr\u00e9dio localizado na <strong>Avenida Rui Barbosa, n\u00ba 762, no bairro do Flamengo, Rio de Janeiro &#8211; RJ<\/strong>.[\/vc_column_text][vc_text_separator title=&#8221;Sal\u00f5es&#8221; title_align=&#8221;separator_align_left&#8221;][vc_column_text]Cada sal\u00e3o possui 124 m\u00b2 e capacidade de 100 lugares. Est\u00e3o localizados no pavimento t\u00e9rreo do pr\u00e9dio onde funcionou o antigo Hotel Sete de Setembro \u2013 edifica\u00e7\u00e3o hist\u00f3rica tombada pelo Inepac.<\/p>\n<p>Abaixo, foto de um dos sal\u00f5es:[\/vc_column_text][vc_images_carousel images=&#8221;2026,2027&#8243; img_size=&#8221;500&#215;300&#8243;][\/vc_column][vc_column width=&#8221;1\/2&#8243;][vc_text_separator title=&#8221;Mapa&#8221; title_align=&#8221;separator_align_left&#8221;][vc_message]O almo\u00e7o foi realizado no local e estava incluso na taxa de inscri\u00e7\u00e3o.[\/vc_message][vc_gmaps link=&#8221;#E-8_JTNDaWZyYW1lJTIwc3JjJTNEJTIyaHR0cHMlM0ElMkYlMkZ3d3cuZ29vZ2xlLmNvbSUyRm1hcHMlMkZlbWJlZCUzRnBiJTNEJTIxMW0xOCUyMTFtMTIlMjExbTMlMjExZDM2NzQuMjA3NTE3NTIwMjI4NSUyMTJkLTQzLjE3NDQ1MTMlMjEzZC0yMi45NDI1ODM0MDAwMDAwMDQlMjEybTMlMjExZjAlMjEyZjAlMjEzZjAlMjEzbTIlMjExaTEwMjQlMjEyaTc2OCUyMTRmMTMuMSUyMTNtMyUyMTFtMiUyMTFzMHg5OTgwMjA4MzJlZjdlNSUyNTNBMHhjYjkyMTIxOGRlODIxZGYyJTIxMnNBdi4lMjUyMFJ1aSUyNTIwQmFyYm9zYSUyNTJDJTI1MjA3NjIlMjUyMC0lMjUyMEZsYW1lbmdvJTI1MkMlMjUyMFJpbyUyNTIwZGUlMjUyMEphbmVpcm8lMjUyMC0lMjUyMFJKJTI1MkMlMjUyMDIyMjUwLTAyMCUyMTVlMCUyMTNtMiUyMTFzcHQtQlIlMjEyc2JyJTIxNHYxNzAzMDMyNjIxNDg1JTIxNW0yJTIxMXNwdC1CUiUyMTJzYnIlMjIlMjB3aWR0aCUzRCUyMjYwMCUyMiUyMGhlaWdodCUzRCUyMjQ1MCUyMiUyMHN0eWxlJTNEJTIyYm9yZGVyJTNBMCUzQiUyMiUyMGFsbG93ZnVsbHNjcmVlbiUzRCUyMiUyMiUyMGxvYWRpbmclM0QlMjJsYXp5JTIyJTIwcmVmZXJyZXJwb2xpY3klM0QlMjJuby1yZWZlcnJlci13aGVuLWRvd25ncmFkZSUyMiUzRSUzQyUyRmlmcmFtZSUzRQ==&#8221;][\/vc_column][\/vc_row]<\/p>\n","protected":false},"excerpt":{"rendered":"<p>[vc_row][vc_column width=&#8221;1\/2&#8243;][vc_text_separator title=&#8221;Endere\u00e7o&#8221; title_align=&#8221;separator_align_left&#8221;][vc_column_text]O VI PCIC Brasil ocorreu no F\u00f3rum de Ci\u00eancia e Cultura da UFRJ, especificamente nos sal\u00f5es 1 e 2 do pr\u00e9dio localizado na Avenida Rui Barbosa, n\u00ba 762, no bairro do Flamengo, Rio de Janeiro &#8211; RJ.[\/vc_column_text][vc_text_separator title=&#8221;Sal\u00f5es&#8221; title_align=&#8221;separator_align_left&#8221;][vc_column_text]Cada sal\u00e3o possui 124 m\u00b2 e capacidade de 100 lugares. Est\u00e3o localizados no pavimento [&hellip;]<\/p>\n","protected":false},"author":1,"featured_media":0,"parent":0,"menu_order":0,"comment_status":"closed","ping_status":"closed","template":"","meta":[],"_links":{"self":[{"href":"https:\/\/ieee.org.br\/pcicbr\/wp-json\/wp\/v2\/pages\/1992"}],"collection":[{"href":"https:\/\/ieee.org.br\/pcicbr\/wp-json\/wp\/v2\/pages"}],"about":[{"href":"https:\/\/ieee.org.br\/pcicbr\/wp-json\/wp\/v2\/types\/page"}],"author":[{"embeddable":true,"href":"https:\/\/ieee.org.br\/pcicbr\/wp-json\/wp\/v2\/users\/1"}],"replies":[{"embeddable":true,"href":"https:\/\/ieee.org.br\/pcicbr\/wp-json\/wp\/v2\/comments?post=1992"}],"version-history":[{"count":9,"href":"https:\/\/ieee.org.br\/pcicbr\/wp-json\/wp\/v2\/pages\/1992\/revisions"}],"predecessor-version":[{"id":2121,"href":"https:\/\/ieee.org.br\/pcicbr\/wp-json\/wp\/v2\/pages\/1992\/revisions\/2121"}],"wp:attachment":[{"href":"https:\/\/ieee.org.br\/pcicbr\/wp-json\/wp\/v2\/media?parent=1992"}],"curies":[{"name":"wp","href":"https:\/\/api.w.org\/{rel}","templated":true}]}}