{"id":1809,"date":"2023-04-25T10:05:12","date_gmt":"2023-04-25T13:05:12","guid":{"rendered":"https:\/\/ieee.org.br\/new-pcicbr\/?page_id=1809"},"modified":"2025-02-21T21:09:57","modified_gmt":"2025-02-22T00:09:57","slug":"patrocinadores","status":"publish","type":"page","link":"https:\/\/ieee.org.br\/pcicbr\/patrocinadores\/","title":{"rendered":"Patrocinadores"},"content":{"rendered":"<p>[vc_row][vc_column width=&#8221;1\/3&#8243;][vc_separator align=&#8221;align_right&#8221;][\/vc_column][vc_column width=&#8221;1\/3&#8243;][vc_column_text]<\/p>\n<p style=\"text-align: center; font-size: 26px;\"><strong>PATROC\u00cdNO PLATINA<\/strong><\/p>\n<p>[\/vc_column_text][\/vc_column][vc_column width=&#8221;1\/3&#8243;][vc_separator align=&#8221;align_right&#8221;][\/vc_column][\/vc_row][vc_row][vc_column width=&#8221;1\/6&#8243; offset=&#8221;vc_hidden-sm vc_hidden-xs&#8221;][\/vc_column][vc_column width=&#8221;1\/3&#8243;][vc_single_image image=&#8221;2098&#8243; img_size=&#8221;480&#215;480&#8243; alignment=&#8221;center&#8221;][\/vc_column][vc_column width=&#8221;1\/3&#8243;][vc_single_image image=&#8221;2089&#8243; img_size=&#8221;480&#215;480&#8243; alignment=&#8221;center&#8221;][\/vc_column][vc_column width=&#8221;1\/6&#8243; offset=&#8221;vc_hidden-sm vc_hidden-xs&#8221;][\/vc_column][\/vc_row][vc_row][vc_column width=&#8221;1\/3&#8243;][vc_separator align=&#8221;align_right&#8221;][\/vc_column][vc_column width=&#8221;1\/3&#8243;][vc_column_text]<\/p>\n<p style=\"text-align: center; font-size: 26px;\"><strong>PATROC\u00cdNO BRONZE<\/strong><\/p>\n<p>[\/vc_column_text][\/vc_column][vc_column width=&#8221;1\/3&#8243;][vc_separator align=&#8221;align_right&#8221;][\/vc_column][\/vc_row][vc_row][vc_column][vc_row_inner][vc_column_inner width=&#8221;1\/4&#8243; offset=&#8221;vc_hidden-sm vc_hidden-xs&#8221;][\/vc_column_inner][vc_column_inner width=&#8221;1\/4&#8243;][vc_single_image image=&#8221;2091&#8243; img_size=&#8221;200&#215;200&#8243; alignment=&#8221;center&#8221;][\/vc_column_inner][vc_column_inner width=&#8221;1\/4&#8243;][vc_single_image image=&#8221;2090&#8243; img_size=&#8221;200&#215;200&#8243; alignment=&#8221;center&#8221;][\/vc_column_inner][vc_column_inner width=&#8221;1\/4&#8243; offset=&#8221;vc_hidden-sm vc_hidden-xs&#8221;][\/vc_column_inner][\/vc_row_inner][\/vc_column][\/vc_row][vc_row][vc_column][vc_separator][\/vc_column][\/vc_row][vc_row][vc_column width=&#8221;1\/2&#8243;][vc_column_text]O VI IEEE PCIC Brasil foi realizado em formato presencial, facilitando a intera\u00e7\u00e3o com congressistas e palestrantes de outros pa\u00edses.<\/p>\n<p>As cotas disponibilizadas de patroc\u00ednio foram bronze, prata, ouro e platina, cada uma possibilitando interessantes oportunidades para divulga\u00e7\u00e3o das solu\u00e7\u00f5es dos patrocinadores aos representantes das maiores empresas dos segmentos que promovem o maior volume de neg\u00f3cios no Brasil.<\/p>\n<p>Houve uma \u00e1rea dedicada a expositores, bem como tutoriais.[\/vc_column_text][vc_text_separator title=&#8221;Benef\u00edcios principais:&#8221; title_align=&#8221;separator_align_left&#8221;]<div class=\"thw-list-item \" style=\"display:block;margin-bottom:5px;margin-top:5px;\"><div class=\"list-item-title\" style=\"color:;font-size:16px\"><span><i style=\"color:#1e73be;\" class=\"fa fa-dot-circle-o\"><\/i> Ambiente integrativo;<\/span><\/div><\/div><div class=\"thw-list-item \" style=\"display:block;margin-bottom:5px;margin-top:5px;\"><div class=\"list-item-title\" style=\"color:;font-size:16px\"><span><i style=\"color:#1e73be;\" class=\"fa fa-dot-circle-o\"><\/i> Estandes modulares;<\/span><\/div><\/div><div class=\"thw-list-item \" style=\"display:block;margin-bottom:5px;margin-top:5px;\"><div class=\"list-item-title\" style=\"color:;font-size:16px\"><span><i style=\"color:#1e73be;\" class=\"fa fa-dot-circle-o\"><\/i> \u00c1rea dedicada para apresenta\u00e7\u00e3o das solu\u00e7\u00f5es dos patrocinadores;<\/span><\/div><\/div><div class=\"thw-list-item \" style=\"display:block;margin-bottom:5px;margin-top:5px;\"><div class=\"list-item-title\" style=\"color:;font-size:16px\"><span><i style=\"color:#1e73be;\" class=\"fa fa-dot-circle-o\"><\/i> Patrocinadores puderam ministrar mini-cursos, aumentando o impacto de suas marcas.<\/span><\/div><\/div>[vc_column_text css=&#8221;.vc_custom_1740182438084{margin-top: 10px !important;}&#8221;][\/vc_column_text][\/vc_column][vc_column width=&#8221;1\/2&#8243;][vc_column_text]As fotos abaixo s\u00e3o do III PCIC Brasil em 2010:[\/vc_column_text][vc_images_carousel images=&#8221;1849,1848,1847,1846&#8243; img_size=&#8221;full&#8221; autoplay=&#8221;yes&#8221;][\/vc_column][\/vc_row]<\/p>\n","protected":false},"excerpt":{"rendered":"<p>[vc_row][vc_column width=&#8221;1\/3&#8243;][vc_separator align=&#8221;align_right&#8221;][\/vc_column][vc_column width=&#8221;1\/3&#8243;][vc_column_text] PATROC\u00cdNO PLATINA [\/vc_column_text][\/vc_column][vc_column width=&#8221;1\/3&#8243;][vc_separator align=&#8221;align_right&#8221;][\/vc_column][\/vc_row][vc_row][vc_column width=&#8221;1\/6&#8243; offset=&#8221;vc_hidden-sm vc_hidden-xs&#8221;][\/vc_column][vc_column width=&#8221;1\/3&#8243;][vc_single_image image=&#8221;2098&#8243; img_size=&#8221;480&#215;480&#8243; alignment=&#8221;center&#8221;][\/vc_column][vc_column width=&#8221;1\/3&#8243;][vc_single_image image=&#8221;2089&#8243; img_size=&#8221;480&#215;480&#8243; alignment=&#8221;center&#8221;][\/vc_column][vc_column width=&#8221;1\/6&#8243; offset=&#8221;vc_hidden-sm vc_hidden-xs&#8221;][\/vc_column][\/vc_row][vc_row][vc_column width=&#8221;1\/3&#8243;][vc_separator align=&#8221;align_right&#8221;][\/vc_column][vc_column width=&#8221;1\/3&#8243;][vc_column_text] PATROC\u00cdNO BRONZE [\/vc_column_text][\/vc_column][vc_column width=&#8221;1\/3&#8243;][vc_separator align=&#8221;align_right&#8221;][\/vc_column][\/vc_row][vc_row][vc_column][vc_row_inner][vc_column_inner width=&#8221;1\/4&#8243; offset=&#8221;vc_hidden-sm vc_hidden-xs&#8221;][\/vc_column_inner][vc_column_inner width=&#8221;1\/4&#8243;][vc_single_image image=&#8221;2091&#8243; img_size=&#8221;200&#215;200&#8243; alignment=&#8221;center&#8221;][\/vc_column_inner][vc_column_inner width=&#8221;1\/4&#8243;][vc_single_image image=&#8221;2090&#8243; img_size=&#8221;200&#215;200&#8243; alignment=&#8221;center&#8221;][\/vc_column_inner][vc_column_inner width=&#8221;1\/4&#8243; offset=&#8221;vc_hidden-sm vc_hidden-xs&#8221;][\/vc_column_inner][\/vc_row_inner][\/vc_column][\/vc_row][vc_row][vc_column][vc_separator][\/vc_column][\/vc_row][vc_row][vc_column width=&#8221;1\/2&#8243;][vc_column_text]O VI IEEE PCIC Brasil foi realizado em formato presencial, [&hellip;]<\/p>\n","protected":false},"author":1,"featured_media":0,"parent":0,"menu_order":0,"comment_status":"closed","ping_status":"closed","template":"","meta":[],"_links":{"self":[{"href":"https:\/\/ieee.org.br\/pcicbr\/wp-json\/wp\/v2\/pages\/1809"}],"collection":[{"href":"https:\/\/ieee.org.br\/pcicbr\/wp-json\/wp\/v2\/pages"}],"about":[{"href":"https:\/\/ieee.org.br\/pcicbr\/wp-json\/wp\/v2\/types\/page"}],"author":[{"embeddable":true,"href":"https:\/\/ieee.org.br\/pcicbr\/wp-json\/wp\/v2\/users\/1"}],"replies":[{"embeddable":true,"href":"https:\/\/ieee.org.br\/pcicbr\/wp-json\/wp\/v2\/comments?post=1809"}],"version-history":[{"count":25,"href":"https:\/\/ieee.org.br\/pcicbr\/wp-json\/wp\/v2\/pages\/1809\/revisions"}],"predecessor-version":[{"id":2122,"href":"https:\/\/ieee.org.br\/pcicbr\/wp-json\/wp\/v2\/pages\/1809\/revisions\/2122"}],"wp:attachment":[{"href":"https:\/\/ieee.org.br\/pcicbr\/wp-json\/wp\/v2\/media?parent=1809"}],"curies":[{"name":"wp","href":"https:\/\/api.w.org\/{rel}","templated":true}]}}