{"id":1785,"date":"2023-04-25T09:08:18","date_gmt":"2023-04-25T12:08:18","guid":{"rendered":"https:\/\/ieee.org.br\/new-pcicbr\/?page_id=1785"},"modified":"2025-02-21T21:53:28","modified_gmt":"2025-02-22T00:53:28","slug":"programa","status":"publish","type":"page","link":"https:\/\/ieee.org.br\/pcicbr\/programa\/","title":{"rendered":"Programa"},"content":{"rendered":"<p>[vc_row][vc_column css=&#8221;.vc_custom_1707451102541{margin-bottom: 20px !important;background-color: #1e73be !important;}&#8221;][vc_text_separator title=&#8221;<\/p>\n<p style=``text-align: center; color: white; margin-top: 10px; margin-bottom: 10px;``><strong><span style=``font-size: 18px;``>TRABALHOS SELECIONADOS<\/span><\/strong><\/p>\n<p>&#8221; i_icon_fontawesome=&#8221;fa fa-list-alt&#8221; i_color=&#8221;white&#8221; color=&#8221;white&#8221; add_icon=&#8221;true&#8221; css=&#8221;.vc_custom_1705586925955{margin-bottom: 10px !important;border-bottom-width: 10px !important;padding-bottom: 10px !important;}&#8221;][vc_column_text]<\/p>\n<p style=\"text-align: center; color: white;\"><span class=\"style4\" style=\"color: #ffffff;\"><span style=\"font-family: Century Gothic, Arial, Helvetica;\">Confira aqui os trabalhos selecionados no VI PCIC Brasil!<\/span><\/span><\/p>\n<p>[\/vc_column_text][\/vc_column][\/vc_row][vc_row][vc_column width=&#8221;1\/2&#8243;][vc_text_separator title=&#8221;Programa\u00e7\u00e3o&#8221; title_align=&#8221;separator_align_left&#8221;][vc_column_text]O IEEE PCIC Brasil \u00e9 o congresso que visa a atualiza\u00e7\u00e3o tecnol\u00f3gica dos profissionais de eletricidade, automa\u00e7\u00e3o e digitaliza\u00e7\u00e3o que atuam nas ind\u00fastrias qu\u00edmicas, g\u00e1s, petroqu\u00edmica, biocombust\u00edveis e petr\u00f3leo, trazendo as experi\u00eancias mais recentes e permitindo aos participantes realizar contatos com renomados especialistas.<\/p>\n<p>O IEEE PCIC Brasil tamb\u00e9m \u00e9 valioso para os estudantes de engenharia el\u00e9trica, pois permite conhecer as necessidades e solu\u00e7\u00f5es adotadas pelos segmentos industriais que geram muitos empregos no pa\u00eds.<\/p>\n<p><span class=\"style4\"><span style=\"font-family: Century Gothic, Arial, Helvetica;\">As inscri\u00e7\u00f5es de resumos para o IEEE PCIC Brasil aceitar\u00e3o artigos em portugu\u00eas, espanhol e ingl\u00eas. O resumo dever\u00e1 conter:\u00a0<\/span><\/span><\/p>\n<ul>\n<li>\n<div id=\"search\">\n<div class=\"moduletable\"><span class=\"style4\"><span style=\"font-family: Century Gothic, Arial, Helvetica;\">T\u00edtulo do artigo t\u00e9cnico;<\/span><\/span><\/div>\n<\/div>\n<\/li>\n<li>\n<div id=\"search\">\n<div class=\"moduletable\"><span class=\"style4\"><span style=\"font-family: Century Gothic, Arial, Helvetica;\">Nomes completos, e-mails, telefones e entidades de todos os autores;<\/span><\/span><\/div>\n<\/div>\n<\/li>\n<li>\n<div id=\"search\">\n<div class=\"moduletable\"><span class=\"style4\"><span style=\"font-family: Century Gothic, Arial, Helvetica;\">Resumo, com no m\u00e1ximo 500 palavras, informando o objetivo e os benef\u00edcios esperados \/ obtidos com a implanta\u00e7\u00e3o da solu\u00e7\u00e3o descrita no artigo.<\/span><\/span><\/div>\n<\/div>\n<\/li>\n<\/ul>\n<p>[\/vc_column_text][vc_column_text]Os artigos t\u00e9cnicos apresentados no congresso ser\u00e3o avaliados em formul\u00e1rio espec\u00edfico pelos participantes, e os tr\u00eas mais votados, receber\u00e3o pr\u00eamios especiais.<\/p>\n<p>Todos os artigos do V IEEE PCIC Brasil foram publicados no IEEExplore, o reposit\u00f3rio t\u00e9cnico com mais de 6 milh\u00f5es de artigos de engenharia.<\/p>\n<p>Al\u00e9m de autores brasileiros, comp\u00f5em a programa\u00e7\u00e3o os artigos recebidos de outros pa\u00edses, elevando o IEEE PCIC Brasil \u00e0 categoria internacional.[\/vc_column_text][vc_text_separator title=&#8221;Conhe\u00e7a os trabalhos apresentados nos PCIC Brasil&#8221; title_align=&#8221;separator_align_left&#8221;][vc_tta_tour active_section=&#8221;1&#8243;][vc_tta_section title=&#8221;2006&#8243; tab_id=&#8221;1682424877081-5930a114-fa64&#8243;][vc_column_text]I PCIC Brasil<br \/>\nHotel Rio Othon Palace<br \/>\nRio de Janeiro, 12 a 13 de setembro de 2006[\/vc_column_text][vc_btn title=&#8221;Programa\u00e7\u00e3o&#8221; style=&#8221;3d&#8221; color=&#8221;sky&#8221; size=&#8221;sm&#8221; link=&#8221;url:https%3A%2F%2Fieee.org.br%2Fpcicbr%2Fwp-content%2Fuploads%2F2023%2F04%2FtrabalhosPCICBR2006.pdf||target:%20_blank|&#8221;][\/vc_tta_section][vc_tta_section title=&#8221;2008&#8243; tab_id=&#8221;1682424877082-d92559fb-2d66&#8243;][vc_column_text]II PCIC Brasil<br \/>\nCentro de Eventos M\u00e1rio Henrique Simonsen<br \/>\nRio de Janeiro, 16 a 17 de setembro de 2008[\/vc_column_text][vc_btn title=&#8221;Programa\u00e7\u00e3o&#8221; style=&#8221;3d&#8221; color=&#8221;sky&#8221; size=&#8221;sm&#8221; link=&#8221;url:https%3A%2F%2Fieee.org.br%2Fpcicbr%2Fwp-content%2Fuploads%2F2023%2F04%2FtrabalhosPCICBR2008.pdf||target:%20_blank|&#8221;][\/vc_tta_section][vc_tta_section title=&#8221;2010&#8243; tab_id=&#8221;1682424967053-b9ebd23b-8538&#8243;][vc_column_text]III PCIC Brasil<br \/>\nCentro de Eventos M\u00e1rio Henrique Simonsen<br \/>\nRio de Janeiro, 15 a 16 de setembro de 2010[\/vc_column_text][vc_btn title=&#8221;Programa\u00e7\u00e3o&#8221; style=&#8221;3d&#8221; color=&#8221;sky&#8221; size=&#8221;sm&#8221; link=&#8221;url:https%3A%2F%2Fieee.org.br%2Fpcicbr%2Fwp-content%2Fuploads%2F2023%2F04%2FtrabalhosPCICBR2010.pdf||target:%20_blank|&#8221;][\/vc_tta_section][vc_tta_section title=&#8221;2012&#8243; tab_id=&#8221;1682424977107-19dea745-e027&#8243;][vc_column_text]IV PCIC Brasil<br \/>\nHotel Windsor Atl\u00e2ntica<br \/>\nRio de Janeiro, 27 a 29 de agosto de 2012[\/vc_column_text][vc_btn title=&#8221;Programa\u00e7\u00e3o&#8221; style=&#8221;3d&#8221; color=&#8221;sky&#8221; size=&#8221;sm&#8221; link=&#8221;url:https%3A%2F%2Fieee.org.br%2Fpcicbr%2Fwp-content%2Fuploads%2F2023%2F04%2FtrabalhosPCICBR2012.pdf||target:%20_blank|&#8221;][\/vc_tta_section][vc_tta_section title=&#8221;2014&#8243; tab_id=&#8221;1682424982490-2c091d3f-531c&#8221;][vc_column_text]V PCIC Brasil<br \/>\nEverest Rio Hotel<br \/>\nRio de Janeiro, 25 a 27 de agosto de 2014[\/vc_column_text][vc_btn title=&#8221;Programa\u00e7\u00e3o&#8221; style=&#8221;3d&#8221; color=&#8221;sky&#8221; size=&#8221;sm&#8221; link=&#8221;url:https%3A%2F%2Fieee.org.br%2Fpcicbr%2Fwp-content%2Fuploads%2F2023%2F04%2FtrabalhosPCICBR2014.pdf||target:%20_blank|&#8221;][\/vc_tta_section][vc_tta_section title=&#8221;2024&#8243; tab_id=&#8221;1712797082509-fad81eea-43da&#8221;][vc_column_text]VI PCIC Brasil<br \/>\nF\u00f3rum de Ci\u00eancia e Cultura da UFRJ<br \/>\nRio de Janeiro, 16 a 18 de abril de 2024[\/vc_column_text][vc_btn title=&#8221;Programa\u00e7\u00e3o&#8221; style=&#8221;3d&#8221; color=&#8221;sky&#8221; size=&#8221;sm&#8221; link=&#8221;url:https%3A%2F%2Fieee.org.br%2Fpcicbr%2Fwp-content%2Fuploads%2F2024%2F04%2FProgramacao-site-completa-PCICBR24-A4.pdf||target:%20_blank|&#8221;][\/vc_tta_section][\/vc_tta_tour][vc_message]Os artigos completos s\u00e3o publicados nos Anais em formato pdf.<\/p>\n<p>Voc\u00ea pode adquirir os CD das edi\u00e7\u00f5es anteriores do PCIC Brasil. Envie um e-mail para <strong><a href=\"mailto: ieeesulbrasil@ieee.org\">IEEE Sul Brasil<\/a><\/strong> para encomendar seu CD.[\/vc_message][vc_separator][vc_widget_sidebar][\/vc_column][vc_column width=&#8221;1\/2&#8243; offset=&#8221;vc_hidden-sm vc_hidden-xs&#8221;][vc_gallery interval=&#8221;0&#8243; images=&#8221;2105,2106,2109,2108,2107,2110&#8243; img_size=&#8221;595&#215;842&#8243;][\/vc_column][\/vc_row][vc_row][vc_column offset=&#8221;vc_hidden-lg vc_hidden-md&#8221;][vc_text_separator title=&#8221;programa\u00e7\u00e3o&#8221; title_align=&#8221;separator_align_left&#8221;][vc_column_text css=&#8221;.vc_custom_1712798013683{margin-bottom: 20px !important;border-bottom-width: 20px !important;padding-bottom: 10px !important;}&#8221;]<\/p>\n<p style=\"text-align: center;\">Confira nossa programa\u00e7\u00e3o no bot\u00e3o ou nas imagens abaixo!<\/p>\n<p>[\/vc_column_text][vc_btn title=&#8221;Programa\u00e7\u00e3o&#8221; shape=&#8221;round&#8221; color=&#8221;primary&#8221; size=&#8221;sm&#8221; align=&#8221;center&#8221; link=&#8221;url:https%3A%2F%2Fieee.org.br%2Fpcicbr%2Fwp-content%2Fuploads%2F2024%2F04%2FProgramacao-site-completa-PCICBR24-A4.pdf||target:%20_blank|&#8221;][vc_single_image image=&#8221;2105&#8243; img_size=&#8221;full&#8221;][vc_single_image image=&#8221;2106&#8243; img_size=&#8221;full&#8221;][vc_single_image image=&#8221;2109&#8243; img_size=&#8221;full&#8221;][vc_single_image image=&#8221;2108&#8243; img_size=&#8221;full&#8221;][vc_single_image image=&#8221;2107&#8243; img_size=&#8221;full&#8221;][vc_single_image image=&#8221;2110&#8243; img_size=&#8221;full&#8221;][\/vc_column][\/vc_row]<\/p>\n","protected":false},"excerpt":{"rendered":"<p>[vc_row][vc_column css=&#8221;.vc_custom_1707451102541{margin-bottom: 20px !important;background-color: #1e73be !important;}&#8221;][vc_text_separator title=&#8221; TRABALHOS SELECIONADOS &#8221; i_icon_fontawesome=&#8221;fa fa-list-alt&#8221; i_color=&#8221;white&#8221; color=&#8221;white&#8221; add_icon=&#8221;true&#8221; css=&#8221;.vc_custom_1705586925955{margin-bottom: 10px !important;border-bottom-width: 10px !important;padding-bottom: 10px !important;}&#8221;][vc_column_text] Confira aqui os trabalhos selecionados no VI PCIC Brasil! [\/vc_column_text][\/vc_column][\/vc_row][vc_row][vc_column width=&#8221;1\/2&#8243;][vc_text_separator title=&#8221;Programa\u00e7\u00e3o&#8221; title_align=&#8221;separator_align_left&#8221;][vc_column_text]O IEEE PCIC Brasil \u00e9 o congresso que visa a atualiza\u00e7\u00e3o tecnol\u00f3gica dos profissionais de eletricidade, automa\u00e7\u00e3o e digitaliza\u00e7\u00e3o que atuam [&hellip;]<\/p>\n","protected":false},"author":1,"featured_media":0,"parent":0,"menu_order":0,"comment_status":"closed","ping_status":"closed","template":"","meta":[],"_links":{"self":[{"href":"https:\/\/ieee.org.br\/pcicbr\/wp-json\/wp\/v2\/pages\/1785"}],"collection":[{"href":"https:\/\/ieee.org.br\/pcicbr\/wp-json\/wp\/v2\/pages"}],"about":[{"href":"https:\/\/ieee.org.br\/pcicbr\/wp-json\/wp\/v2\/types\/page"}],"author":[{"embeddable":true,"href":"https:\/\/ieee.org.br\/pcicbr\/wp-json\/wp\/v2\/users\/1"}],"replies":[{"embeddable":true,"href":"https:\/\/ieee.org.br\/pcicbr\/wp-json\/wp\/v2\/comments?post=1785"}],"version-history":[{"count":30,"href":"https:\/\/ieee.org.br\/pcicbr\/wp-json\/wp\/v2\/pages\/1785\/revisions"}],"predecessor-version":[{"id":2135,"href":"https:\/\/ieee.org.br\/pcicbr\/wp-json\/wp\/v2\/pages\/1785\/revisions\/2135"}],"wp:attachment":[{"href":"https:\/\/ieee.org.br\/pcicbr\/wp-json\/wp\/v2\/media?parent=1785"}],"curies":[{"name":"wp","href":"https:\/\/api.w.org\/{rel}","templated":true}]}}