{"id":1748,"date":"2023-04-24T13:10:51","date_gmt":"2023-04-24T16:10:51","guid":{"rendered":"https:\/\/ieee.org.br\/new-pcicbr\/?page_id=1748"},"modified":"2025-02-21T21:50:49","modified_gmt":"2025-02-22T00:50:49","slug":"artigos","status":"publish","type":"page","link":"https:\/\/ieee.org.br\/pcicbr\/artigos\/","title":{"rendered":"Artigos"},"content":{"rendered":"<p>[vc_row][vc_column width=&#8221;1\/2&#8243;][vc_message]Os temas abordados no IEEE PCIC Brasil est\u00e3o alinhados com as necessidades das ind\u00fastrias qu\u00edmica, g\u00e1s, petroqu\u00edmica, biocombust\u00edveis e petr\u00f3leo (onshore e offshore), nas disciplinas de eletricidade, instrumenta\u00e7\u00e3o, digitaliza\u00e7\u00e3o e automa\u00e7\u00e3o.[\/vc_message][vc_text_separator title=&#8221;Abaixo listamos alguns dos t\u00f3picos tratados nos IEEE PCIC Brasil:&#8221; title_align=&#8221;separator_align_left&#8221;]<div class=\"thw-list-item \" style=\"display:block;margin-bottom:5px;margin-top:5px;\"><div class=\"list-item-title\" style=\"color:;font-size:16px\"><span><i style=\"color:#1e73be;\" class=\"fa fa-dot-circle-o\"><\/i> Problemas com grandes motores acionados por conversores de freq\u00fc\u00eancia;<\/span><\/div><\/div><div class=\"thw-list-item \" style=\"display:block;margin-bottom:5px;margin-top:5px;\"><div class=\"list-item-title\" style=\"color:;font-size:16px\"><span><i style=\"color:#1e73be;\" class=\"fa fa-dot-circle-o\"><\/i> Digitaliza\u00e7\u00e3o de sistemas;<\/span><\/div><\/div><div class=\"thw-list-item \" style=\"display:block;margin-bottom:5px;margin-top:5px;\"><div class=\"list-item-title\" style=\"color:;font-size:16px\"><span><i style=\"color:#1e73be;\" class=\"fa fa-dot-circle-o\"><\/i> Novos requisitos para instala\u00e7\u00f5es el\u00e9tricas em \u00e1reas classificadas;<\/span><\/div><\/div><div class=\"thw-list-item \" style=\"display:block;margin-bottom:5px;margin-top:5px;\"><div class=\"list-item-title\" style=\"color:;font-size:16px\"><span><i style=\"color:#1e73be;\" class=\"fa fa-dot-circle-o\"><\/i> Cabos el\u00e9tricos especiais para ind\u00fastrias qu\u00edmicas;<\/span><\/div><\/div><div class=\"thw-list-item \" style=\"display:block;margin-bottom:5px;margin-top:5px;\"><div class=\"list-item-title\" style=\"color:;font-size:16px\"><span><i style=\"color:#1e73be;\" class=\"fa fa-dot-circle-o\"><\/i> Pain\u00e9is resistentes a arco el\u00e9trico;<\/span><\/div><\/div><div class=\"thw-list-item \" style=\"display:block;margin-bottom:5px;margin-top:5px;\"><div class=\"list-item-title\" style=\"color:;font-size:16px\"><span><i style=\"color:#1e73be;\" class=\"fa fa-dot-circle-o\"><\/i> Distor\u00e7\u00e3o harm\u00f4nica e suas consequ\u00eancias aos equipamentos;<\/span><\/div><\/div><div class=\"thw-list-item \" style=\"display:block;margin-bottom:5px;margin-top:5px;\"><div class=\"list-item-title\" style=\"color:;font-size:16px\"><span><i style=\"color:#1e73be;\" class=\"fa fa-dot-circle-o\"><\/i> Testes de aceita\u00e7\u00e3o dos motores e geradores para plataformas offshore;<\/span><\/div><\/div><div class=\"thw-list-item \" style=\"display:block;margin-bottom:5px;margin-top:5px;\"><div class=\"list-item-title\" style=\"color:;font-size:16px\"><span><i style=\"color:#1e73be;\" class=\"fa fa-dot-circle-o\"><\/i> An\u00e1lise preditiva de falhas em m\u00e1quinas el\u00e9tricas;<\/span><\/div><\/div><div class=\"thw-list-item \" style=\"display:block;margin-bottom:5px;margin-top:5px;\"><div class=\"list-item-title\" style=\"color:;font-size:16px\"><span><i style=\"color:#1e73be;\" class=\"fa fa-dot-circle-o\"><\/i> Estrat\u00e9gias com melhor custo x benef\u00edcio para manuten\u00e7\u00e3o industrial;<\/span><\/div><\/div><div class=\"thw-list-item \" style=\"display:block;margin-bottom:5px;margin-top:5px;\"><div class=\"list-item-title\" style=\"color:;font-size:16px\"><span><i style=\"color:#1e73be;\" class=\"fa fa-dot-circle-o\"><\/i> Sistemas de automa\u00e7\u00e3o e a tecnologia 2-wise em \u00e1reas classificadas;<\/span><\/div><\/div><div class=\"thw-list-item \" style=\"display:block;margin-bottom:5px;margin-top:5px;\"><div class=\"list-item-title\" style=\"color:;font-size:16px\"><span><i style=\"color:#1e73be;\" class=\"fa fa-dot-circle-o\"><\/i> Inspe\u00e7\u00e3o termogr\u00e1fica em componentes cr\u00edticos;<\/span><\/div><\/div><div class=\"thw-list-item \" style=\"display:block;margin-bottom:5px;margin-top:5px;\"><div class=\"list-item-title\" style=\"color:;font-size:16px\"><span><i style=\"color:#1e73be;\" class=\"fa fa-dot-circle-o\"><\/i> Sistemas de predi\u00e7\u00e3o de falhas em motores de grande porte;<\/span><\/div><\/div><div class=\"thw-list-item \" style=\"display:block;margin-bottom:5px;margin-top:5px;\"><div class=\"list-item-title\" style=\"color:;font-size:16px\"><span><i style=\"color:#1e73be;\" class=\"fa fa-dot-circle-o\"><\/i> NR-10 aplicada aos setores petroqu\u00edmico e offshore;<\/span><\/div><\/div><div class=\"thw-list-item \" style=\"display:block;margin-bottom:5px;margin-top:5px;\"><div class=\"list-item-title\" style=\"color:;font-size:16px\"><span><i style=\"color:#1e73be;\" class=\"fa fa-dot-circle-o\"><\/i> Especifica\u00e7\u00f5es para m\u00e1quinas de alto MTBF;<\/span><\/div><\/div><div class=\"thw-list-item \" style=\"display:block;margin-bottom:5px;margin-top:5px;\"><div class=\"list-item-title\" style=\"color:;font-size:16px\"><span><i style=\"color:#1e73be;\" class=\"fa fa-dot-circle-o\"><\/i> Sistemas digitais de prote\u00e7\u00e3o: desafios para a atualiza\u00e7\u00e3o.<\/span><\/div><\/div>[vc_empty_space][vc_text_separator title=&#8221;Carga hor\u00e1ria&#8221; title_align=&#8221;separator_align_left&#8221;][vc_column_text]O IEEE PCIC Brasil conta com um dia para tutoriais (mini-cursos), e dois dias para apresenta\u00e7\u00e3o dos artigos t\u00e9cnicos.[\/vc_column_text][\/vc_column][vc_column width=&#8221;1\/2&#8243;][vc_text_separator title=&#8221;P\u00fablico-alvo&#8221; title_align=&#8221;separator_align_left&#8221;][vc_column_text]O IEEE PCIC Brasil \u00e9 o congresso que debate o estado-da-arte das tecnologias adotadas nos sistemas el\u00e9tricos das ind\u00fastrias qu\u00edmica, g\u00e1s, petroqu\u00edmica, petr\u00f3leo e biocombust\u00edveis, sendo uma oportunidade para atualiza\u00e7\u00e3o tecnol\u00f3gica dos engenheiros e t\u00e9cnicos de eletricidade e automa\u00e7\u00e3o que atuam em projetos, compras, montagens, comissionamento, opera\u00e7\u00e3o e manuten\u00e7\u00e3o destes segmentos industriais.<\/p>\n<p>O IEEE PCIC Brasil tamb\u00e9m \u00e9 destinado aos estudantes de engenharia, que ter\u00e3o a oportunidade de tomar conhecimento das solu\u00e7\u00f5es e das necessidades dos segmentos industriais que mais geram empregos no pa\u00eds, atrav\u00e9s de uma formata\u00e7\u00e3o que promove a intera\u00e7\u00e3o entre os participantes.[\/vc_column_text][\/vc_column][\/vc_row][vc_row][vc_column][\/vc_column][\/vc_row]<\/p>\n","protected":false},"excerpt":{"rendered":"<p>[vc_row][vc_column width=&#8221;1\/2&#8243;][vc_message]Os temas abordados no IEEE PCIC Brasil est\u00e3o alinhados com as necessidades das ind\u00fastrias qu\u00edmica, g\u00e1s, petroqu\u00edmica, biocombust\u00edveis e petr\u00f3leo (onshore e offshore), nas disciplinas de eletricidade, instrumenta\u00e7\u00e3o, digitaliza\u00e7\u00e3o e automa\u00e7\u00e3o.[\/vc_message][vc_text_separator title=&#8221;Abaixo listamos alguns dos t\u00f3picos tratados nos IEEE PCIC Brasil:&#8221; title_align=&#8221;separator_align_left&#8221;][vc_empty_space][vc_text_separator title=&#8221;Carga hor\u00e1ria&#8221; title_align=&#8221;separator_align_left&#8221;][vc_column_text]O IEEE PCIC Brasil conta com um dia para tutoriais [&hellip;]<\/p>\n","protected":false},"author":1,"featured_media":0,"parent":0,"menu_order":0,"comment_status":"closed","ping_status":"closed","template":"","meta":[],"_links":{"self":[{"href":"https:\/\/ieee.org.br\/pcicbr\/wp-json\/wp\/v2\/pages\/1748"}],"collection":[{"href":"https:\/\/ieee.org.br\/pcicbr\/wp-json\/wp\/v2\/pages"}],"about":[{"href":"https:\/\/ieee.org.br\/pcicbr\/wp-json\/wp\/v2\/types\/page"}],"author":[{"embeddable":true,"href":"https:\/\/ieee.org.br\/pcicbr\/wp-json\/wp\/v2\/users\/1"}],"replies":[{"embeddable":true,"href":"https:\/\/ieee.org.br\/pcicbr\/wp-json\/wp\/v2\/comments?post=1748"}],"version-history":[{"count":17,"href":"https:\/\/ieee.org.br\/pcicbr\/wp-json\/wp\/v2\/pages\/1748\/revisions"}],"predecessor-version":[{"id":2133,"href":"https:\/\/ieee.org.br\/pcicbr\/wp-json\/wp\/v2\/pages\/1748\/revisions\/2133"}],"wp:attachment":[{"href":"https:\/\/ieee.org.br\/pcicbr\/wp-json\/wp\/v2\/media?parent=1748"}],"curies":[{"name":"wp","href":"https:\/\/api.w.org\/{rel}","templated":true}]}}