{"id":1706,"date":"2023-04-24T08:48:21","date_gmt":"2023-04-24T11:48:21","guid":{"rendered":"https:\/\/ieee.org.br\/new-pcicbr\/?page_id=1706"},"modified":"2025-02-21T21:44:11","modified_gmt":"2025-02-22T00:44:11","slug":"inscricoes","status":"publish","type":"page","link":"https:\/\/ieee.org.br\/pcicbr\/inscricoes\/","title":{"rendered":"Inscri\u00e7\u00f5es"},"content":{"rendered":"<p>[vc_row][vc_column width=&#8221;1\/2&#8243;][vc_text_separator title=&#8221;Inscri\u00e7\u00e3o&#8221; title_align=&#8221;separator_align_left&#8221;][vc_column_text]As inscri\u00e7\u00f5es poder\u00e3o ser feitas on-line com cart\u00e3o de cr\u00e9dito.<br \/>\nUm desconto substancial ser\u00e1 dado para inscri\u00e7\u00f5es feitas com anteced\u00eancia.[\/vc_column_text][vc_text_separator title=&#8221;Facilidades&#8221; title_align=&#8221;separator_align_left&#8221;]<div class=\"thw-list-item \" style=\"display:block;margin-bottom:5px;margin-top:5px;\"><div class=\"list-item-title\" style=\"color:;font-size:16px\"><span><i style=\"color:;\" class=\"fa fa-check-circle-o\"><\/i> Seguran\u00e7a<\/span><\/div><\/div><div class=\"thw-list-item \" style=\"display:block;margin-bottom:5px;margin-top:5px;\"><div class=\"list-item-title\" style=\"color:;font-size:16px\"><span><i style=\"color:;\" class=\"fa fa-check-circle-o\"><\/i> Rapidez<\/span><\/div><\/div><div class=\"thw-list-item \" style=\"display:block;margin-bottom:5px;margin-top:5px;\"><div class=\"list-item-title\" style=\"color:;font-size:16px\"><span><i style=\"color:;\" class=\"fa fa-check-circle-o\"><\/i> Comodidade<\/span><\/div><\/div>[vc_empty_space][vc_text_separator title=&#8221;Benef\u00edcios&#8221; title_align=&#8221;separator_align_left&#8221;][vc_column_text]O IEEE \u00e9 uma entidade sem fins lucrativos. Para que possamos obter os recursos necess\u00e1rios com a devida anteced\u00eancia, ser\u00e1 dado um substancial desconto para inscri\u00e7\u00f5es antecipadas. Quanto mais cedo voc\u00ea se inscrever, maior ser\u00e1 o desconto.<\/p>\n<p>O IEEE PCIC Brasil apresentar\u00e1 temas t\u00e9cnicos de interesse dos profissionais dos segmentos petr\u00f3leo, qu\u00edmica, g\u00e1s, petroqu\u00edmica e biocombust\u00edveis.<br \/>\nA inscri\u00e7\u00e3o no PCIC Brasil possibilitar\u00e1 obter os artigos em pdf.<\/p>\n<p>Os artigos ser\u00e3o apresentados em portugu\u00eas, ingl\u00eas ou espanhol.<\/p>\n<p><strong>NOTA:<\/strong> Os participantes tamb\u00e9m poder\u00e3o fazer contato com os patrocinadores, nos estandes onde ser\u00e3o mostrados os \u00faltimos lan\u00e7amentos para o setor.[\/vc_column_text][\/vc_column][vc_column width=&#8221;1\/2&#8243;][vc_text_separator title=&#8221;V\u00e1rias formas de pagamento ser\u00e3o oferecidas&#8221; title_align=&#8221;separator_align_left&#8221;][vc_column_text][\/vc_column_text][vc_column_text]<span style=\"font-family: Century Gothic, Arial, Helvetica;\">As fotos abaixo s\u00e3o do II PCIC Brasil, em 2008:<\/span>[\/vc_column_text][vc_images_carousel images=&#8221;1839,1840,1841,1842&#8243; img_size=&#8221;full&#8221; autoplay=&#8221;yes&#8221; wrap=&#8221;yes&#8221;][\/vc_column][\/vc_row]<\/p>\n","protected":false},"excerpt":{"rendered":"<p>[vc_row][vc_column width=&#8221;1\/2&#8243;][vc_text_separator title=&#8221;Inscri\u00e7\u00e3o&#8221; title_align=&#8221;separator_align_left&#8221;][vc_column_text]As inscri\u00e7\u00f5es poder\u00e3o ser feitas on-line com cart\u00e3o de cr\u00e9dito. Um desconto substancial ser\u00e1 dado para inscri\u00e7\u00f5es feitas com anteced\u00eancia.[\/vc_column_text][vc_text_separator title=&#8221;Facilidades&#8221; title_align=&#8221;separator_align_left&#8221;][vc_empty_space][vc_text_separator title=&#8221;Benef\u00edcios&#8221; title_align=&#8221;separator_align_left&#8221;][vc_column_text]O IEEE \u00e9 uma entidade sem fins lucrativos. Para que possamos obter os recursos necess\u00e1rios com a devida anteced\u00eancia, ser\u00e1 dado um substancial desconto para inscri\u00e7\u00f5es antecipadas. Quanto mais [&hellip;]<\/p>\n","protected":false},"author":1,"featured_media":0,"parent":0,"menu_order":0,"comment_status":"closed","ping_status":"closed","template":"","meta":[],"_links":{"self":[{"href":"https:\/\/ieee.org.br\/pcicbr\/wp-json\/wp\/v2\/pages\/1706"}],"collection":[{"href":"https:\/\/ieee.org.br\/pcicbr\/wp-json\/wp\/v2\/pages"}],"about":[{"href":"https:\/\/ieee.org.br\/pcicbr\/wp-json\/wp\/v2\/types\/page"}],"author":[{"embeddable":true,"href":"https:\/\/ieee.org.br\/pcicbr\/wp-json\/wp\/v2\/users\/1"}],"replies":[{"embeddable":true,"href":"https:\/\/ieee.org.br\/pcicbr\/wp-json\/wp\/v2\/comments?post=1706"}],"version-history":[{"count":19,"href":"https:\/\/ieee.org.br\/pcicbr\/wp-json\/wp\/v2\/pages\/1706\/revisions"}],"predecessor-version":[{"id":2132,"href":"https:\/\/ieee.org.br\/pcicbr\/wp-json\/wp\/v2\/pages\/1706\/revisions\/2132"}],"wp:attachment":[{"href":"https:\/\/ieee.org.br\/pcicbr\/wp-json\/wp\/v2\/media?parent=1706"}],"curies":[{"name":"wp","href":"https:\/\/api.w.org\/{rel}","templated":true}]}}